{"id":1502,"date":"2021-08-07T21:29:07","date_gmt":"2021-08-07T21:29:07","guid":{"rendered":"https:\/\/www.formalibera.com\/politica-privacidad\/"},"modified":"2021-12-01T21:31:46","modified_gmt":"2021-12-01T21:31:46","slug":"privacy-policy","status":"publish","type":"page","link":"https:\/\/www.formalibera.com\/it\/privacy-policy\/","title":{"rendered":"Privacy Policy"},"content":{"rendered":"<p><span style=\"font-weight: 400;\">La presente informativa disciplina il trattamento dei dati personali effettuato dalla nostra societa\u0300 all\u2019interno del presente Sito Web, in conformita\u0300 alle vigenti norme in tema di protezione dei dati, in particolare, il Regolamento UE 2016\/679, in modo che gli Utenti possano determinare liberamente e volontariamente se fornire dati personali attraverso questo Sito Web.<\/span><\/p>\n<p><span style=\"font-weight: 400;\">\u00c8 possibile consultare le informazioni relative alla Societ\u00e0 che gestisce il Sito Web nella sezione &#8220;Avviso Legale&#8221;.<\/span><\/p>\n<p><span style=\"font-weight: 400;\">L&#8217;accesso e l&#8217;utilizzo del Sito implicano la piena accettazione da parte dell&#8217;Utente della presente Privacy Policy e si impegna a rispettarne integralmente i termini e le condizioni. Pertanto, l&#8217;Utente deve leggere attentamente la presente Privacy Policy ogni volta che intende utilizzare il Sito, in quanto potrebbe subire modifiche.<\/span><\/p>\n<p>&nbsp;<\/p>\n<p><b>Titolare del Trattamento e descrizione\u00a0 delle modalit\u00e0 che si realizzano nel Sito Web<\/b><\/p>\n<p><span style=\"font-weight: 400;\">La Societ\u00e0\u00a0 FORMA LIBERA S.L. con CIF B61633772 e con domicilio legale in C\/Bruc, 149 3\u00ba 1\u00aa 08037 Barcelona (Espa\u00f1a)<\/span> <span style=\"font-weight: 400;\">tratta i dati personali che vengono raccolti o generati a seguito dell&#8217;accesso, dell&#8217;uso e della navigazione degli utenti di questo Sito Web, nonch\u00e9 del controllo del Sito Web, in qualit\u00e0 di responsabile del trattamento secondo quanto stabilito nel GDPR e nella normativa di sviluppo vigente e, in particolare nel Regolamento UE 2016\/679 del 27 aprile 2016, relativo alla tutela delle persone fisiche con riguardo al trattamento dei dati personali e alla libera circolazione di tali dati ed alla\u00a0 Ley Org\u00e1nica 3\/2018, del 5 dicembre, della Legislazione spagnola sulla protezione dei dati personali e sulle garanzie dei diritti digitali, o qualsiasi altra legge o regolamento che le sostituiscano o modifichino in futuro.<\/span><\/p>\n<p><span style=\"font-weight: 400;\">In generale, per il solo fatto di visitare e navigare nel Web, i dati che consentono l&#8217;identificazione personale degli utenti (&#8220;Utenti&#8221; o, singolarmente, &#8220;Utente&#8221;) non vengono registrati automaticamente.<\/span><\/p>\n<p>&nbsp;<\/p>\n<p><b>Consenso\u00a0<\/b><\/p>\n<p><span style=\"font-weight: 400;\">La legittimit\u00e0 del trattamento dei dati \u00e8 il consenso ed il legittimo interesse di entrambe le Parti al fine di rendere possibile il contatto professionale tra di loro. Utilizzando il Sito Web, l\u2019Utente autorizza la raccolta e l&#8217;utilizzo da parte della Societ\u00e0 dei dati descritti nella presente Privacy Policy. Qualora la Societ\u00e0 introduca modifiche alle politiche e alle procedure sulla privacy, pubblicher\u00e0 tali modifiche sul Sito Web per tenere informati sul tipo di informazioni che raccoglie, su come vengono elaborate e in quali circostanze potrebbe comunicarle.<\/span><\/p>\n<p><span style=\"font-weight: 400;\">L&#8217;Utente \u00e8 responsabile di garantire che le informazioni fornite a questo sito Web siano vere. A tal fine, l&#8217;Utente \u00e8 responsabile della veridicit\u00e0 di tutti i dati che comunica e manterr\u00e0 le informazioni fornite opportunamente aggiornate, in modo che corrispondano alla sua situazione reale. L&#8217;Utente sar\u00e0 responsabile delle informazioni false o inesatte fornite e dei danni che ci\u00f2 arrecher\u00e0 alla Societ\u00e0 o a terzi.<\/span><\/p>\n<p><span style=\"font-weight: 400;\">I dati saranno trattati con la massima riservatezza per gestire le richieste di informazioni, contenuti o servizi che gli Utenti richiedono espressamente o con il loro consenso.<\/span><\/p>\n<p><span style=\"font-weight: 400;\">Allo stesso modo, la Societ\u00e0 ha un legittimo interesse a utilizzare le informazioni raccolte o generate per migliorare il Sito Web, la sua gestione e la sua sicurezza, effettuare studi per analizzare la pertinenza e l&#8217;uso del Sito Web e, ove consentito dalle normative applicabili, informare gli Utenti sui prodotti o servizi della Societ\u00e0.<\/span><\/p>\n<p><span style=\"font-weight: 400;\">La base giuridica che consente alla Societ\u00e0 di trattare i dati dell&#8217;Utente \u00e8 l&#8217;accesso volontario e la navigazione degli Utenti sul Sito Web, la richiesta da parte degli Utenti di informazioni o determinati contenuti o servizi, il rispetto da parte della Societ\u00e0 dei propri obblighi legali, il legittimo interesse della Societ\u00e0 nel migliorare il Sito Web e la sua sicurezza e, nel caso in cui un Utente acconsenta o si applichi l&#8217;interesse legittimo della Societ\u00e0, l&#8217;invio di informazioni commerciali.<\/span><\/p>\n<p>&nbsp;<\/p>\n<p><b>Conservazione dei dati\u00a0<\/b><\/p>\n<p><span style=\"font-weight: 400;\">I dati saranno conservati fintanto che sussistono obblighi contrattuali derivanti dai servizi o dai contenuti richiesti dagli Utenti e, successivamente, fino all&#8217;estinzione delle responsabilit\u00e0 legali o contrattuali che ne impongano la conservazione (ad esempio, fino all&#8217;estinzione della responsabilit\u00e0 derivata dal norme sulla protezione dei dati o sulla sicurezza informatica). Nel caso in cui i dati vengano trattati per l&#8217;invio di informazioni commerciali, gli stessi potranno essere conservati a condizione che l&#8217;Utente non si opponga alla ricezione di informazioni con nessuno dei vari mezzi gratuiti e semplici messi a sua disposizione. I dati potranno essere comunicati a terzi collaboratori della Societ\u00e0 che partecipano ai processi informativi o di marketing dei clienti rappresentati. A parte quanto sopra, i dati non saranno ceduti a terzi salvo nei casi in cui vi sia un obbligo di legge.<\/span><\/p>\n<p>&nbsp;<\/p>\n<p><b>Trasferimento internazionale dei dati<\/b><\/p>\n<p><span style=\"font-weight: 400;\">I dati personali dell&#8217;Utente non saranno trasferiti a nessun paese terzo al di fuori dell&#8217;UE che non soddisfi il livello di protezione appropriato.<\/span><\/p>\n<p>&nbsp;<\/p>\n<p><b>Esercizio dei diritti\u00a0<\/b><\/p>\n<p><span style=\"font-weight: 400;\">L&#8217;Utente pu\u00f2 esercitare il diritto di accesso, rettifica, cancellazione e portabilit\u00e0 dei propri dati, la limitazione o l&#8217;opposizione al loro trattamento, ed ogni altro diritto riconosciuto dalla legge.\u00a0<\/span><\/p>\n<p><span style=\"font-weight: 400;\">Le istanze di esercizio dei diritti indicati nella presente informativa, ivi inclusi, in particolare, il diritto alla cancellazione ed il diritto alla revoca del consenso prestato, dovranno essere rivolte per iscritto (provando la propria identit\u00e0) e indirizzate direttamente al Titolare all\u2019indirizzo e-mail: info@formalibera.com<\/span><\/p>\n<p><span style=\"font-weight: 400;\">Pu\u00f3 altres\u00ed presentare un reclamo all&#8217;autorit\u00e0 di controllo competente per la protezione dei dati (normalmente, l&#8217;Agenzia spagnola per la protezione dei dati &#8211; maggiori informazioni su www.aepd.es-) se ritiene che il trattamento non sia conforme alle normative vigenti.<\/span><\/p>\n<p>&nbsp;<\/p>\n<p><b>Siti web di terzi\u00a0<\/b><\/p>\n<p><span style=\"font-weight: 400;\">Il Sito Web pu\u00f2 includere collegamenti a siti web controllati da terzi. L&#8217;Utente deve ricordare che accedendo al sito di detti terzi attraverso il Sito, la presente Privacy Policy cesser\u00e0 di avere validit\u00e0. Questa informativa sulla privacy non riflette le pratiche sulla privacy di tali altri siti di terzi. La Societ\u00e0 declina ogni responsabilit\u00e0 in merito alla privacy e al trattamento dei dati di tali soggetti terzi. La navigazione e l&#8217;interazione su qualsiasi altro sito web, inclusi quelli collegati al Sito Web, sono soggette alle regole e alle politiche di tale sito. La Societ\u00e0 raccomanda all&#8217;Utente di leggere le informative sul trattamento dei dati e sulla privacy dei siti di terzi.\u00a0<\/span><\/p>\n<p>&nbsp;<\/p>\n<p><b>Sitios webs de terceros<\/b><\/p>\n<p><span style=\"font-weight: 400;\">El Sitio Web podr\u00eda incluir enlaces a sitios webs controlados por terceros. El Usuario debe recordar que al acceder al sitio web de dichos terceros a trav\u00e9s del Sitio Web, dejar\u00e1 de surtir efecto esta Pol\u00edtica de Privacidad. La presente Pol\u00edtica de Privacidad no refleja las practicas en materia de privacidad de esos otros sitios de terceros. La Sociedad declina cualquier responsabilidad con respecto a la privacidad y al tratamiento de datos de dichos terceros. La navegaci\u00f3n e interacci\u00f3n en cualquier otro sitio web, incluidos aquellos vinculados al Sitio Web, est\u00e1 sujeta a las normas y pol\u00edticas de dicho sitio. La Sociedad recomienda al Usuario que lea las pol\u00edticas de tratamiento de datos y privacidad de los sitios terceros.<\/span><\/p>\n<p>&nbsp;<\/p>\n<p><b>Riservatezza<\/b><\/p>\n<p><span style=\"font-weight: 400;\">\u00a0I dati personali che la Societ\u00e0 potr\u00e0 raccogliere tramite il Sito saranno trattati con assoluta riservatezza e la Societ\u00e0 si impegna a mantenerli segreti.<\/span><\/p>\n","protected":false},"excerpt":{"rendered":"<p>La presente informativa disciplina il trattamento dei dati personali effettuato dalla nostra societa\u0300 all\u2019interno del presente Sito Web, in conformita\u0300 alle vigenti norme in tema di protezione dei dati, in particolare, il Regolamento UE 2016\/679, in modo che gli Utenti possano determinare liberamente e volontariamente se fornire dati personali attraverso questo Sito Web. \u00c8 possibile [&hellip;]<\/p>\n","protected":false},"author":1,"featured_media":0,"parent":0,"menu_order":0,"comment_status":"closed","ping_status":"closed","template":"","meta":{"_acf_changed":false,"footnotes":""},"class_list":["post-1502","page","type-page","status-publish","hentry"],"acf":[],"yoast_head":"<!-- This site is optimized with the Yoast SEO plugin v27.3 - https:\/\/yoast.com\/product\/yoast-seo-wordpress\/ -->\n<title>Privacy Policy - Forma Libera<\/title>\n<meta name=\"robots\" content=\"index, follow, max-snippet:-1, max-image-preview:large, max-video-preview:-1\" \/>\n<link rel=\"canonical\" href=\"https:\/\/www.formalibera.com\/it\/privacy-policy\/\" \/>\n<meta property=\"og:locale\" content=\"it_IT\" \/>\n<meta property=\"og:type\" content=\"article\" \/>\n<meta property=\"og:title\" content=\"Privacy Policy - Forma Libera\" \/>\n<meta property=\"og:description\" content=\"La presente informativa disciplina il trattamento dei dati personali effettuato dalla nostra societa\u0300 all\u2019interno del presente Sito Web, in conformita\u0300 alle vigenti norme in tema di protezione dei dati, in particolare, il Regolamento UE 2016\/679, in modo che gli Utenti possano determinare liberamente e volontariamente se fornire dati personali attraverso questo Sito Web. \u00c8 possibile [&hellip;]\" \/>\n<meta property=\"og:url\" content=\"https:\/\/www.formalibera.com\/it\/privacy-policy\/\" \/>\n<meta property=\"og:site_name\" content=\"Forma Libera\" \/>\n<meta property=\"article:modified_time\" content=\"2021-12-01T21:31:46+00:00\" \/>\n<meta name=\"twitter:card\" content=\"summary_large_image\" \/>\n<meta name=\"twitter:label1\" content=\"Est. reading time\" \/>\n\t<meta name=\"twitter:data1\" content=\"5 minutes\" \/>\n<script type=\"application\/ld+json\" class=\"yoast-schema-graph\">{\"@context\":\"https:\\\/\\\/schema.org\",\"@graph\":[{\"@type\":\"WebPage\",\"@id\":\"https:\\\/\\\/www.formalibera.com\\\/it\\\/privacy-policy\\\/\",\"url\":\"https:\\\/\\\/www.formalibera.com\\\/it\\\/privacy-policy\\\/\",\"name\":\"Privacy Policy - Forma Libera\",\"isPartOf\":{\"@id\":\"https:\\\/\\\/www.formalibera.com\\\/#website\"},\"datePublished\":\"2021-08-07T21:29:07+00:00\",\"dateModified\":\"2021-12-01T21:31:46+00:00\",\"inLanguage\":\"it-IT\",\"potentialAction\":[{\"@type\":\"ReadAction\",\"target\":[\"https:\\\/\\\/www.formalibera.com\\\/it\\\/privacy-policy\\\/\"]}]},{\"@type\":\"WebSite\",\"@id\":\"https:\\\/\\\/www.formalibera.com\\\/#website\",\"url\":\"https:\\\/\\\/www.formalibera.com\\\/\",\"name\":\"Forma Libera\",\"description\":\"Forma Libera\",\"potentialAction\":[{\"@type\":\"SearchAction\",\"target\":{\"@type\":\"EntryPoint\",\"urlTemplate\":\"https:\\\/\\\/www.formalibera.com\\\/?s={search_term_string}\"},\"query-input\":{\"@type\":\"PropertyValueSpecification\",\"valueRequired\":true,\"valueName\":\"search_term_string\"}}],\"inLanguage\":\"it-IT\"}]}<\/script>\n<!-- \/ Yoast SEO plugin. -->","yoast_head_json":{"title":"Privacy Policy - Forma Libera","robots":{"index":"index","follow":"follow","max-snippet":"max-snippet:-1","max-image-preview":"max-image-preview:large","max-video-preview":"max-video-preview:-1"},"canonical":"https:\/\/www.formalibera.com\/it\/privacy-policy\/","og_locale":"it_IT","og_type":"article","og_title":"Privacy Policy - Forma Libera","og_description":"La presente informativa disciplina il trattamento dei dati personali effettuato dalla nostra societa\u0300 all\u2019interno del presente Sito Web, in conformita\u0300 alle vigenti norme in tema di protezione dei dati, in particolare, il Regolamento UE 2016\/679, in modo che gli Utenti possano determinare liberamente e volontariamente se fornire dati personali attraverso questo Sito Web. \u00c8 possibile [&hellip;]","og_url":"https:\/\/www.formalibera.com\/it\/privacy-policy\/","og_site_name":"Forma Libera","article_modified_time":"2021-12-01T21:31:46+00:00","twitter_card":"summary_large_image","twitter_misc":{"Est. reading time":"5 minutes"},"schema":{"@context":"https:\/\/schema.org","@graph":[{"@type":"WebPage","@id":"https:\/\/www.formalibera.com\/it\/privacy-policy\/","url":"https:\/\/www.formalibera.com\/it\/privacy-policy\/","name":"Privacy Policy - Forma Libera","isPartOf":{"@id":"https:\/\/www.formalibera.com\/#website"},"datePublished":"2021-08-07T21:29:07+00:00","dateModified":"2021-12-01T21:31:46+00:00","inLanguage":"it-IT","potentialAction":[{"@type":"ReadAction","target":["https:\/\/www.formalibera.com\/it\/privacy-policy\/"]}]},{"@type":"WebSite","@id":"https:\/\/www.formalibera.com\/#website","url":"https:\/\/www.formalibera.com\/","name":"Forma Libera","description":"Forma Libera","potentialAction":[{"@type":"SearchAction","target":{"@type":"EntryPoint","urlTemplate":"https:\/\/www.formalibera.com\/?s={search_term_string}"},"query-input":{"@type":"PropertyValueSpecification","valueRequired":true,"valueName":"search_term_string"}}],"inLanguage":"it-IT"}]}},"_links":{"self":[{"href":"https:\/\/www.formalibera.com\/it\/wp-json\/wp\/v2\/pages\/1502","targetHints":{"allow":["GET"]}}],"collection":[{"href":"https:\/\/www.formalibera.com\/it\/wp-json\/wp\/v2\/pages"}],"about":[{"href":"https:\/\/www.formalibera.com\/it\/wp-json\/wp\/v2\/types\/page"}],"author":[{"embeddable":true,"href":"https:\/\/www.formalibera.com\/it\/wp-json\/wp\/v2\/users\/1"}],"replies":[{"embeddable":true,"href":"https:\/\/www.formalibera.com\/it\/wp-json\/wp\/v2\/comments?post=1502"}],"version-history":[{"count":3,"href":"https:\/\/www.formalibera.com\/it\/wp-json\/wp\/v2\/pages\/1502\/revisions"}],"predecessor-version":[{"id":1704,"href":"https:\/\/www.formalibera.com\/it\/wp-json\/wp\/v2\/pages\/1502\/revisions\/1704"}],"wp:attachment":[{"href":"https:\/\/www.formalibera.com\/it\/wp-json\/wp\/v2\/media?parent=1502"}],"curies":[{"name":"wp","href":"https:\/\/api.w.org\/{rel}","templated":true}]}}